{"id":13925,"date":"2024-09-05T14:38:24","date_gmt":"2024-09-05T12:38:24","guid":{"rendered":"https:\/\/churchtools.academy\/?page_id=13925"},"modified":"2024-10-09T18:03:47","modified_gmt":"2024-10-09T16:03:47","slug":"privacy-center","status":"publish","type":"page","link":"https:\/\/churchtools.academy\/de\/privacy-center\/","title":{"rendered":"Privacy Center"},"content":{"rendered":"\t\t<div data-elementor-type=\"wp-page\" data-elementor-id=\"13925\" class=\"elementor elementor-13925\" data-elementor-post-type=\"page\">\n\t\t\t\t<div class=\"elementor-element elementor-element-7f2e4fde e-flex e-con-boxed e-con e-parent\" data-id=\"7f2e4fde\" data-element_type=\"container\" data-settings=\"{&quot;background_background&quot;:&quot;classic&quot;}\">\n\t\t\t\t\t<div class=\"e-con-inner\">\n\t\t<div class=\"elementor-element elementor-element-d15c80b e-con-full e-flex e-con e-child\" data-id=\"d15c80b\" data-element_type=\"container\">\n\t\t\t\t<div class=\"elementor-element elementor-element-aa3cda2 elementor-widget elementor-widget-heading\" data-id=\"aa3cda2\" data-element_type=\"widget\" data-widget_type=\"heading.default\">\n\t\t\t\t<div class=\"elementor-widget-container\">\n\t\t\t\t\t<h2 class=\"elementor-heading-title elementor-size-default\">Privacy Center<\/h2>\t\t\t\t<\/div>\n\t\t\t\t<\/div>\n\t\t\t\t<\/div>\n\t\t\t\t\t<\/div>\n\t\t\t\t<\/div>\n\t\t<div class=\"elementor-element elementor-element-48791f6 e-flex e-con-boxed e-con e-parent\" data-id=\"48791f6\" data-element_type=\"container\">\n\t\t\t\t\t<div class=\"e-con-inner\">\n\t\t\t\t<div class=\"elementor-element elementor-element-3c72eb9b elementor-widget elementor-widget-text-editor\" data-id=\"3c72eb9b\" data-element_type=\"widget\" data-widget_type=\"text-editor.default\">\n\t\t\t\t<div class=\"elementor-widget-container\">\n\t\t\t\t\t\t\t\t\t<h2 class=\"wp-block-heading\">Datenschutz<\/h2><p>Unsere Datenschutzerkl\u00e4rung findest du auf dieser Seite: <a href=\"https:\/\/church.tools\/de\/datenschutz\/\">Datenschutzhinweise<\/a>.<\/p><h2>Privatsph\u00e4re-Einstellungen<\/h2><ul><li><a href=\"#consent-change\">Privatsph\u00e4re-Einstellungen \u00e4ndern<\/a><\/li><li><a href=\"#consent-history\">Historie der Privatsph\u00e4re-Einstellungen<\/a><\/li><\/ul>\t\t\t\t\t\t\t\t<\/div>\n\t\t\t\t<\/div>\n\t\t\t\t<div class=\"elementor-element elementor-element-0412324 elementor-widget elementor-widget-html\" data-id=\"0412324\" data-element_type=\"widget\" data-widget_type=\"html.default\">\n\t\t\t\t<div class=\"elementor-widget-container\">\n\t\t\t\t\t<h2>Matomo<\/h2>\n<div id=\"matomo-opt-out\"><\/div>\n\n<div id=\"matomo-opt-out\" ><\/div>\n<script>    \n    var settings = {\n      \"showIntro\": true,\n      \"divId\": \"matomo-opt-out\",\n      \"useSecureCookies\": true,\n      \"cookiePath\": null,\n      \"cookieDomain\": null,\n      \"cookieSameSite\": \"Lax\",\n      \"OptOutComplete\": \"Opt-out abgeschlossen; Deine Besuche auf dieser Webseite werden nicht vom Webanalysetool erfasst.\",\n      \"OptOutCompleteBis\": \"Bitte beachte, dass auch der Matomo-Deaktivierungs-Cookie dieser Webseite gel\u00f6scht wird, wenn du die in deinem Browser abgelegten Cookies entfernst. Au\u00dferdem musst du, wenn du einen anderen Computer oder einen anderen Webbrowser verwenden, die Deaktivierungsprozedur nochmals absolvieren.\",\n      \"YouMayOptOut2\": \"Du hast nachfolgend die M\u00f6glichkeit, die anonyme Analyse deines Surfverhaltens auf unserer Website zu verhindern, indem du die folgende Checkbox abw\u00e4hlst (Opt-out).\",\n      \"YouMayOptOut3\": \"Dies wird deine Privatsph\u00e4re sch\u00fctzen, aber wird auch ChurchTools daran hindern, aus deinen Aktionen zu lernen und die Bedienbarkeit f\u00fcr dich und andere Benutzer zu verbessern.\",\n      \"OptOutErrorNoCookies\": \"Die Tracking Opt-out Funktion ben\u00f6tigt aktivierte Cookies.\",\n      \"OptOutErrorNotHttps\": \"Die Tracking Opt-out Funktion wird m\u00f6glicherweise nicht funktionieren, weil diese Seite nicht \u00fcber HTTPS geladen wurde. Bitte die Seite neu laden, um zu pr\u00fcfen, ob der opt out Status ge\u00e4ndert wurde.\",\n      \"YouAreNotOptedOut\": \"Dein Besuch dieser Webseite wird aktuell von der Matomo Webanalyse erfasst.\",\n      \"UncheckToOptOut\": \"Diese Checkbox abw\u00e4hlen f\u00fcr Opt-Out.\",\n      \"YouAreOptedOut\": \"Dein Besuch dieser Webseite wird aktuell von der Matomo Webanalyse nicht erfasst.\",\n      \"CheckToOptIn\": \"Diese Checkbox aktivieren f\u00fcr Opt-In.\"\n    };         \n    document.addEventListener('DOMContentLoaded', function() {                             \n        window.MatomoConsent.init(settings.useSecureCookies, settings.cookiePath, settings.cookieDomain, settings.cookieSameSite);                \n        showContent(window.MatomoConsent.hasConsent());        \n    });    \n    \n    \n        function showContent(consent, errorMessage = null, useTracker = false) {\n    \n            var errorBlock = '<p style=\"color: red; font-weight: bold;\">';\n    \n            var div = document.getElementById(settings.divId);\n            if (!div) {\n                var warningDiv = document.createElement(\"div\");\n                var msg = 'Unable to find opt-out content div: \"'+settings.divId+'\"';\n                warningDiv.id = settings.divId+'-warning';\n                warningDiv.innerHTML = errorBlock+msg+'<\/p>';\n                document.body.insertBefore(warningDiv, document.body.firstChild);\n                console.log(msg);\n                return;\n            }\n            \n            if (!navigator || !navigator.cookieEnabled) {\n                div.innerHTML = errorBlock+settings.OptOutErrorNoCookies+'<\/p>';\n                return;\n            }\n\n            if (errorMessage !== null) {\n                div.innerHTML = errorBlock+errorMessage+'<\/p>';\n                return;\n            }\n\n            var content = '';        \n\n            if (location.protocol !== 'https:') {\n                content += errorBlock + settings.OptOutErrorNotHttps + '<\/p>';\n            }\n\n            if (consent) {\n                if (settings.showIntro) {\n                    content += '<p>'+settings.YouMayOptOut2+' '+settings.YouMayOptOut3+'<\/p>';                       \n                }\n                if (useTracker) {\n                    content += '<input onclick=\"_paq.push([\\'optUserOut\\']);showContent(false, null, true);\" id=\"trackVisits\" type=\"checkbox\" checked=\"checked\" \/>';\n                } else {\n                    content += '<input onclick=\"window.MatomoConsent.consentRevoked();showContent(false);\" id=\"trackVisits\" type=\"checkbox\" checked=\"checked\" \/>';\n                }\n                content += '<label for=\"trackVisits\"><strong><span>'+settings.YouAreNotOptedOut+' '+settings.UncheckToOptOut+'<\/span><\/strong><\/label>';                               \n            } else {\n                if (settings.showIntro) {\n                    content += '<p>'+settings.OptOutComplete+' '+settings.OptOutCompleteBis+'<\/p>';\n                }\n                if (useTracker) {\n                    content += '<input onclick=\"_paq.push([\\'forgetUserOptOut\\']);showContent(true, null, true);\" id=\"trackVisits\" type=\"checkbox\" \/>';\n                } else {\n                    content += '<input onclick=\"window.MatomoConsent.consentGiven();showContent(true);\" id=\"trackVisits\" type=\"checkbox\" \/>';\n                }\n                content += '<label for=\"trackVisits\"><strong><span>'+settings.YouAreOptedOut+' '+settings.CheckToOptIn+'<\/span><\/strong><\/label>';\n            }                   \n            div.innerHTML = content;      \n        };   \n\n        window.MatomoConsent = {                         \n            cookiesDisabled: (!navigator || !navigator.cookieEnabled),        \n            CONSENT_COOKIE_NAME: 'mtm_consent', CONSENT_REMOVED_COOKIE_NAME: 'mtm_consent_removed', \n            cookieIsSecure: false, useSecureCookies: true, cookiePath: '', cookieDomain: '', cookieSameSite: 'Lax',     \n            init: function(useSecureCookies, cookiePath, cookieDomain, cookieSameSite) {\n                this.useSecureCookies = useSecureCookies; this.cookiePath = cookiePath;\n                this.cookieDomain = cookieDomain; this.cookieSameSite = cookieSameSite;\n                if(useSecureCookies && location.protocol !== 'https:') {\n                    console.log('Error with setting useSecureCookies: You cannot use this option on http.');             \n                } else {\n                    this.cookieIsSecure = useSecureCookies;\n                }\n            },               \n            hasConsent: function() {\n                var consentCookie = this.getCookie(this.CONSENT_COOKIE_NAME);\n                var removedCookie = this.getCookie(this.CONSENT_REMOVED_COOKIE_NAME);\n                if (!consentCookie && !removedCookie) {\n                    return true; \/\/ No cookies set, so opted in\n                }\n                if (removedCookie && consentCookie) {                \n                    this.setCookie(this.CONSENT_COOKIE_NAME, '', -129600000);              \n                    return false;\n                }                \n                return (consentCookie || consentCookie !== 0);            \n            },        \n            consentGiven: function() {                                                        \n                this.setCookie(this.CONSENT_REMOVED_COOKIE_NAME, '', -129600000);\n                this.setCookie(this.CONSENT_COOKIE_NAME, new Date().getTime(), 946080000000);\n            },      \n            consentRevoked: function() {    \n                this.setCookie(this.CONSENT_COOKIE_NAME, '', -129600000);\n                this.setCookie(this.CONSENT_REMOVED_COOKIE_NAME, new Date().getTime(), 946080000000);                \n            },                   \n            getCookie: function(cookieName) {            \n                var cookiePattern = new RegExp('(^|;)[ ]*' + cookieName + '=([^;]*)'), cookieMatch = cookiePattern.exec(document.cookie);\n                return cookieMatch ? window.decodeURIComponent(cookieMatch[2]) : 0;\n            },        \n            setCookie: function(cookieName, value, msToExpire) {                       \n                var expiryDate = new Date();\n                expiryDate.setTime((new Date().getTime()) + msToExpire);            \n                document.cookie = cookieName + '=' + window.encodeURIComponent(value) +\n                    (msToExpire ? ';expires=' + expiryDate.toGMTString() : '') +\n                    ';path=' + (this.cookiePath || '\/') +\n                    (this.cookieDomain ? ';domain=' + this.cookieDomain : '') +\n                    (this.cookieIsSecure ? ';secure' : '') +\n                    ';SameSite=' + this.cookieSameSite;               \n                if ((!msToExpire || msToExpire >= 0) && this.getCookie(cookieName) !== String(value)) {\n                    console.log('There was an error setting cookie `' + cookieName + '`. Please check domain and path.');                \n                }\n            }\n        };           \n<\/script>\t\t\t\t<\/div>\n\t\t\t\t<\/div>\n\t\t\t\t\t<\/div>\n\t\t\t\t<\/div>\n\t\t\t\t<\/div>\n\t\t","protected":false},"excerpt":{"rendered":"<p>Privacy Center Datenschutz Unsere Datenschutzerkl\u00e4rung findest du auf dieser Seite: Datenschutzhinweise. Privatsph\u00e4re-Einstellungen Privatsph\u00e4re-Einstellungen \u00e4ndern Historie der Privatsph\u00e4re-Einstellungen Matomo<\/p>\n","protected":false},"author":3,"featured_media":0,"parent":0,"menu_order":0,"comment_status":"closed","ping_status":"closed","template":"","meta":{"_acf_changed":false,"footnotes":""},"class_list":["post-13925","page","type-page","status-publish","hentry"],"pp_statuses_selecting_workflow":false,"pp_workflow_action":"current","pp_status_selection":"publish","acf":[],"_links":{"self":[{"href":"https:\/\/churchtools.academy\/de\/wp-json\/wp\/v2\/pages\/13925","targetHints":{"allow":["GET"]}}],"collection":[{"href":"https:\/\/churchtools.academy\/de\/wp-json\/wp\/v2\/pages"}],"about":[{"href":"https:\/\/churchtools.academy\/de\/wp-json\/wp\/v2\/types\/page"}],"author":[{"embeddable":true,"href":"https:\/\/churchtools.academy\/de\/wp-json\/wp\/v2\/users\/3"}],"replies":[{"embeddable":true,"href":"https:\/\/churchtools.academy\/de\/wp-json\/wp\/v2\/comments?post=13925"}],"version-history":[{"count":36,"href":"https:\/\/churchtools.academy\/de\/wp-json\/wp\/v2\/pages\/13925\/revisions"}],"predecessor-version":[{"id":15758,"href":"https:\/\/churchtools.academy\/de\/wp-json\/wp\/v2\/pages\/13925\/revisions\/15758"}],"wp:attachment":[{"href":"https:\/\/churchtools.academy\/de\/wp-json\/wp\/v2\/media?parent=13925"}],"curies":[{"name":"wp","href":"https:\/\/api.w.org\/{rel}","templated":true}]}}